{"id":375,"date":"2025-06-03T21:23:16","date_gmt":"2025-06-03T19:23:16","guid":{"rendered":"https:\/\/fouyet.fr\/?page_id=375"},"modified":"2025-06-03T22:04:25","modified_gmt":"2025-06-03T20:04:25","slug":"les-objectifs-de-developpement-durable-des-nations-unies-2","status":"publish","type":"page","link":"https:\/\/fouyet.fr\/index.php\/les-objectifs-de-developpement-durable-des-nations-unies-2\/","title":{"rendered":"Les objectifs de d\u00e9veloppement durable des Nations Unies"},"content":{"rendered":"\n<div class=\"wp-block-media-text alignfull is-stacked-on-mobile is-vertically-aligned-top\" style=\"grid-template-columns:49% auto\"><figure class=\"wp-block-media-text__media\"><img fetchpriority=\"high\" decoding=\"async\" width=\"743\" height=\"522\" src=\"https:\/\/fouyet.fr\/wp-content\/uploads\/2025\/06\/Nations-Unies.png\" alt=\"\" class=\"wp-image-382 size-full\" srcset=\"https:\/\/fouyet.fr\/wp-content\/uploads\/2025\/06\/Nations-Unies.png 743w, https:\/\/fouyet.fr\/wp-content\/uploads\/2025\/06\/Nations-Unies-300x211.png 300w\" sizes=\"(max-width: 743px) 100vw, 743px\" \/><\/figure><div class=\"wp-block-media-text__content\">\n<p><strong><em>\u00ab\u00a0pour parvenir \u00e0 un avenir meilleur et plus durable pour tous\u00bb<\/em><\/strong><\/p>\n\n\n\n<p>17 objectifs de d\u00e9veloppement durable (ODD) fix\u00e9s couvrant l\u2019int\u00e9gralit\u00e9 des enjeux de d\u00e9veloppement dans le monde\u00a0:<\/p>\n\n\n\n<figure class=\"wp-block-table\"><table class=\"has-fixed-layout\"><tbody><tr><td>ODD1&nbsp;: Pas de pauvret\u00e9<\/td><\/tr><tr><td>ODD2&nbsp;: Faim \u00ab&nbsp;z\u00e9ro&nbsp;\u00bb<\/td><\/tr><tr><td>ODD3&nbsp;: Bonne sant\u00e9 et bien-\u00eatre<\/td><\/tr><tr><td>ODD4&nbsp;: Education de qualit\u00e9<\/td><\/tr><tr><td>ODD5&nbsp;: Egalit\u00e9 entre les sexes<\/td><\/tr><tr><td>ODD6&nbsp;: Eau propre et assainissement<\/td><\/tr><tr><td>ODD7&nbsp;: Energie propre et d\u2019un co\u00fbt abordable<\/td><\/tr><tr><td>ODD8&nbsp;: Travail d\u00e9cent et croissance \u00e9conomique<\/td><\/tr><tr><td>ODD9&nbsp;: Industrie, innovation et infrastructure<\/td><\/tr><\/tbody><\/table><\/figure>\n\n\n\n<figure class=\"wp-block-table\"><table class=\"has-fixed-layout\"><tbody><tr><td>ODD10&nbsp;: In\u00e9galit\u00e9s r\u00e9duites<\/td><\/tr><tr><td>ODD11&nbsp;: Villes et communaut\u00e9s durables<\/td><\/tr><tr><td>ODD12&nbsp;: Consommation et production responsables<\/td><\/tr><tr><td>ODD13&nbsp;: mesures relatives \u00e0 la lutte contre les changements climatiques<\/td><\/tr><tr><td>ODD14&nbsp;: Vie aquatique<\/td><\/tr><tr><td>ODD15&nbsp;: Vie terrestre<\/td><\/tr><tr><td>ODD16&nbsp;: Paix, justice et institutions efficaces<\/td><\/tr><tr><td>ODD17&nbsp;: Partenariats pour la r\u00e9alisation des objectifs<\/td><\/tr><\/tbody><\/table><\/figure>\n\n\n\n<p><\/p>\n\n\n\n<p><\/p>\n\n\n\n<p><\/p>\n\n\n\n<p><\/p>\n\n\n\n<p><\/p>\n\n\n\n<p><\/p>\n\n\n\n<p><\/p>\n\n\n\n<p><\/p>\n\n\n\n<div class=\"wp-block-group has-global-padding is-layout-constrained wp-block-group-is-layout-constrained\">\n<div class=\"wp-block-group has-global-padding is-layout-constrained wp-block-group-is-layout-constrained\">\n<div class=\"wp-block-columns is-layout-flex wp-container-core-columns-is-layout-28f84493 wp-block-columns-is-layout-flex\">\n<div class=\"wp-block-column is-layout-flow wp-block-column-is-layout-flow\" style=\"flex-basis:100%\"><\/div>\n<\/div>\n<\/div>\n<\/div>\n<\/div><\/div>\n","protected":false},"excerpt":{"rendered":"","protected":false},"author":1,"featured_media":0,"parent":0,"menu_order":0,"comment_status":"closed","ping_status":"closed","template":"","meta":{"footnotes":""},"class_list":["post-375","page","type-page","status-publish","hentry"],"_links":{"self":[{"href":"https:\/\/fouyet.fr\/index.php\/wp-json\/wp\/v2\/pages\/375","targetHints":{"allow":["GET"]}}],"collection":[{"href":"https:\/\/fouyet.fr\/index.php\/wp-json\/wp\/v2\/pages"}],"about":[{"href":"https:\/\/fouyet.fr\/index.php\/wp-json\/wp\/v2\/types\/page"}],"author":[{"embeddable":true,"href":"https:\/\/fouyet.fr\/index.php\/wp-json\/wp\/v2\/users\/1"}],"replies":[{"embeddable":true,"href":"https:\/\/fouyet.fr\/index.php\/wp-json\/wp\/v2\/comments?post=375"}],"version-history":[{"count":3,"href":"https:\/\/fouyet.fr\/index.php\/wp-json\/wp\/v2\/pages\/375\/revisions"}],"predecessor-version":[{"id":383,"href":"https:\/\/fouyet.fr\/index.php\/wp-json\/wp\/v2\/pages\/375\/revisions\/383"}],"wp:attachment":[{"href":"https:\/\/fouyet.fr\/index.php\/wp-json\/wp\/v2\/media?parent=375"}],"curies":[{"name":"wp","href":"https:\/\/api.w.org\/{rel}","templated":true}]}}