{"id":175,"date":"2025-01-25T16:35:58","date_gmt":"2025-01-25T15:35:58","guid":{"rendered":"https:\/\/fouyet.fr\/?page_id=175"},"modified":"2025-06-03T22:35:40","modified_gmt":"2025-06-03T20:35:40","slug":"page-rotary","status":"publish","type":"page","link":"https:\/\/fouyet.fr\/index.php\/page-rotary\/","title":{"rendered":"LE ROTARY ET L&#8217;EAU SANS FRONTIERES INTERNATIONALE"},"content":{"rendered":"\n<p>Eaux sans Fronti\u00e8res Internationale (ESFI) est une organisation non gouvernementale<br>d\u00e9di\u00e9e \u00e0 l&#8217;am\u00e9lioration de l&#8217;acc\u00e8s \u00e0 l&#8217;eau potable dans les r\u00e9gions les plus d\u00e9favoris\u00e9es<br>du monde.<br>Fond\u00e9e en 1978 par plusieurs Rotariens, majoritairement du District 1660, ESFI op\u00e8re<br>aupr\u00e8s des populations qui ne b\u00e9n\u00e9ficient pas d\u2019un acc\u00e8s s\u00fbr et minimum \u00e0 l\u2019eau,<br>principalement en Afrique et en Asie, avec pour mission de fournir des solutions<br>durables.<br>L\u2019association comprend actuellement une centaine de membres, Rotariens, non<br>Rotariens, Rotary Clubs et partenaires, tous b\u00e9n\u00e9voles pour identifier des actions<br>possibles, leurs financements et leurs solutions techniques. Elle est partenaire du<br>Rotary Action Group WASH depuis 2011 et fait partie de nombreuses associations<br>professionnelles dans les domaines de l\u2019eau, l\u2019assainissement, l\u2019hygi\u00e8ne.<br>S\u2019ils sont d\u00e9licats \u00e0 remplir, les principaux objectifs d\u2019ESFI sont simples \u00e0 exprimer.<\/p>\n\n\n\n<ul class=\"wp-block-list\">\n<li>Fournir un acc\u00e8s durable \u00e0 l&#8217;eau potable : en construisant des infrastructures<br>adapt\u00e9es et en assurant leur entretien, ESFI vise \u00e0 garantir que chaque communaut\u00e9<br>desservie puisse acc\u00e9der \u00e0 une source d&#8217;eau propre et fiable.<\/li>\n\n\n\n<li>\u00c9duquer et sensibiliser : ESFI travaille \u00e0 l&#8217;\u00e9ducation des communaut\u00e9s locales sur<br>l&#8217;importance de l&#8217;hygi\u00e8ne et des pratiques sanitaires pour pr\u00e9venir les maladies<br>hydriques.<\/li>\n\n\n\n<li>Renforcer les capacit\u00e9s locales : ESFI forme des techniciens locaux et implique les<br>communaut\u00e9s dans la gestion des ressources en eau, Elle vise \u00e0 garantir la durabilit\u00e9<br>de ses projets.<br>Les r\u00e9alisations d\u2019ESFI repr\u00e9sentent une vingtaine de projets en moyenne par an, plus<br>de 600 depuis sa cr\u00e9ation.<\/li>\n\n\n\n<li>ESFI m\u00e8ne des projets de construction de puits et de forages dans les r\u00e9gions o\u00f9<br>l&#8217;acc\u00e8s \u00e0 l&#8217;eau est particuli\u00e8rement limit\u00e9. En utilisant des techniques adapt\u00e9es aux<br>conditions g\u00e9ologiques locales, elle maximise l&#8217;efficacit\u00e9 et la durabilit\u00e9 des forages<br>ou captages.<\/li>\n\n\n\n<li>Dans les r\u00e9gions o\u00f9 les ressources en eau souterraine sont limit\u00e9es, elle installe des<br>syst\u00e8mes de collecte des eaux de pluie, qui permettent de les stocker et de les traiter<br>pour les rendre potables.<\/li>\n\n\n\n<li>L&#8217;\u00e9ducation et la sensibilisation des utilisateurs font partie des projets. En organisant<br>des ateliers et des campagnes de sensibilisation pour informer les communaut\u00e9s sur<br>les bonnes pratiques d&#8217;hygi\u00e8ne et de gestion de l&#8217;eau, ESFI encourage l&#8217;adoption de<br>comportements sains.<\/li>\n\n\n\n<li>La formation de techniciens locaux pour l&#8217;entretien et la gestion des infrastructures<br>hydrauliques ne sont pas n\u00e9glig\u00e9es. Cette approche permet de cr\u00e9er des emplois<br>locaux et d&#8217;assurer la durabilit\u00e9 des projets. En impliquant les communaut\u00e9s locales<br>dans la gestion des ressources en eau, ESFI favorise l&#8217;appropriation et l&#8217;autonomie.<br>L\u2019impact d&#8217;ESFI am\u00e9liore la situation de 65000 habitants en moyenne chaque ann\u00e9e.<\/li>\n\n\n\n<li>L&#8217;acc\u00e8s \u00e0 une eau potable de qualit\u00e9 r\u00e9duit consid\u00e9rablement l&#8217;incidence des<br>maladies hydriques telles que typho\u00efde, dysenterie ou chol\u00e9ra. Les projets d&#8217;ESFI<br>permettent d&#8217;am\u00e9liorer la sant\u00e9 des b\u00e9n\u00e9ficiaires et de diminuer le taux de mortalit\u00e9<br>infantile.<\/li>\n\n\n\n<li>ESFI all\u00e8ge la charge de travail des femmes et des enfants, qui sont souvent<br>responsables de la collecte de l&#8217;eau. Ils peuvent alors consacrer plus de temps \u00e0<br>l&#8217;\u00e9ducation et \u00e0 des activit\u00e9s \u00e9conomiques productives.<\/li>\n\n\n\n<li>Les projets contribuent au d\u00e9veloppement \u00e9conomique local en cr\u00e9ant des emplois<br>et en am\u00e9liorant les conditions de vie. L&#8217;acc\u00e8s \u00e0 l&#8217;eau permet \u00e9galement de soutenir<br>des activit\u00e9s agricoles et artisanales, essentielles \u00e0 la subsistance des<br>communaut\u00e9s rurales.<\/li>\n\n\n\n<li>En mettant en place des syst\u00e8mes de gestion durable de l&#8217;eau, ESFI aide \u00e0 prot\u00e9ger<br>les ressources naturelles locales, avec la promotion de techniques agricoles<br>respectueuses de l&#8217;environnement et la r\u00e9duction de la pollution de l&#8217;eau.<br>Cependant, les d\u00e9fis rencontr\u00e9s sont persistants.<\/li>\n\n\n\n<li>ESFI op\u00e8re souvent dans des r\u00e9gions o\u00f9 les conflits et l&#8217;instabilit\u00e9 politique<br>compliquent la mise en \u0153uvre des projets. La s\u00e9curit\u00e9 des \u00e9quipes sur le terrain et la<br>continuit\u00e9 des op\u00e9rations sont des contraintes qui limitent les interventions.<\/li>\n\n\n\n<li>Le financement des projets repr\u00e9sente une autre contrainte. ESFI d\u00e9pend des dons<br>de particuliers, d&#8217;entreprises, de subventions gouvernementales et de la Fondation<br>Rotary pour financer ses activit\u00e9s. La recherche de financements stables et \u00e0 long<br>terme est cruciale pour assurer la p\u00e9rennit\u00e9 de ses actions.<\/li>\n\n\n\n<li>Les effets des changements climatiques, s\u00e9cheresses prolong\u00e9es ou inondations,<br>affectent la disponibilit\u00e9 des ressources en eau et compliquent la planification des<br>projets. ESFI doit s\u2019adapter pour faire face \u00e0 ces contraintes environnementales.<\/li>\n\n\n\n<li>Impliquer les communaut\u00e9s locales dans la gestion des projets peut devenir<br>complexe dans des contextes culturels divers. ESFI cherche \u00e0 \u00e9tablir des relations de<br>confiance et \u00e0 sensibiliser les populations aux avantages des projets pour garantir<br>leur succ\u00e8s.<br>En conclusion, ESFI joue un r\u00f4le significatif dans l&#8217;am\u00e9lioration de l&#8217;acc\u00e8s \u00e0 l&#8217;eau<br>potable des populations d\u00e9favoris\u00e9es \u00e0 travers le monde. Par ses actions concr\u00e8tes et<br>ses projets innovants, elle contribue \u00e0 am\u00e9liorer la sant\u00e9, l&#8217;autonomie et le<br>d\u00e9veloppement \u00e9conomique des communaut\u00e9s locales. Cependant, les d\u00e9fis<br>politiques, financiers et environnementaux n\u00e9cessitent une adaptation continue et un<br>engagement fort de la part d\u2019ESFI et de ses partenaires. L&#8217;acc\u00e8s universel \u00e0 l&#8217;eau<br>potable, l\u2019un des 17 objectifs de d\u00e9veloppement durable de l\u2019agenda 2030 de l\u2019ONU,<br>reste un objectif tr\u00e8s ambitieux qu\u2019on ne peut pas d\u00e9sesp\u00e9rer d\u2019atteindre gr\u00e2ce \u00e0 des<br>initiatives comme celles d&#8217;Eaux sans Fronti\u00e8res Internationale.<\/li>\n<\/ul>\n\n\n\n<div data-wp-interactive=\"core\/file\" class=\"wp-block-file\"><object data-wp-bind--hidden=\"!state.hasPdfPreview\" hidden class=\"wp-block-file__embed\" data=\"https:\/\/fouyet.fr\/wp-content\/uploads\/2025\/03\/Rotary-Mag-N-859-6.pdf\" type=\"application\/pdf\" style=\"width:100%;height:600px\" aria-label=\"Embed of Rotary Mag  N 859.\"><\/object><a id=\"wp-block-file--media-e05cf59c-187d-45c5-893f-74743d1fc6b7\" href=\"https:\/\/fouyet.fr\/wp-content\/uploads\/2025\/03\/Rotary-Mag-N-859-6.pdf\">Rotary Mag  N 859<\/a><a href=\"https:\/\/fouyet.fr\/wp-content\/uploads\/2025\/03\/Rotary-Mag-N-859-6.pdf\" class=\"wp-block-file__button wp-element-button\" download aria-describedby=\"wp-block-file--media-e05cf59c-187d-45c5-893f-74743d1fc6b7\">Download<\/a><\/div>\n","protected":false},"excerpt":{"rendered":"<p>Eaux sans Fronti\u00e8res Internationale (ESFI) est une organisation non gouvernementaled\u00e9di\u00e9e \u00e0 l&#8217;am\u00e9lioration de l&#8217;acc\u00e8s \u00e0 l&#8217;eau potable dans les r\u00e9gions les plus d\u00e9favoris\u00e9esdu monde.Fond\u00e9e en 1978 par plusieurs Rotariens, majoritairement du District 1660, ESFI op\u00e8reaupr\u00e8s des populations qui ne b\u00e9n\u00e9ficient pas d\u2019un acc\u00e8s s\u00fbr et minimum \u00e0 l\u2019eau,principalement en Afrique et en Asie, avec pour &hellip; <\/p>\n<p class=\"link-more\"><a href=\"https:\/\/fouyet.fr\/index.php\/page-rotary\/\" class=\"more-link\">Read more<span class=\"screen-reader-text\"> &#8220;LE ROTARY ET L&#8217;EAU SANS FRONTIERES INTERNATIONALE&#8221;<\/span><\/a><\/p>\n","protected":false},"author":1,"featured_media":0,"parent":0,"menu_order":0,"comment_status":"closed","ping_status":"closed","template":"","meta":{"footnotes":""},"class_list":["post-175","page","type-page","status-publish","hentry"],"_links":{"self":[{"href":"https:\/\/fouyet.fr\/index.php\/wp-json\/wp\/v2\/pages\/175","targetHints":{"allow":["GET"]}}],"collection":[{"href":"https:\/\/fouyet.fr\/index.php\/wp-json\/wp\/v2\/pages"}],"about":[{"href":"https:\/\/fouyet.fr\/index.php\/wp-json\/wp\/v2\/types\/page"}],"author":[{"embeddable":true,"href":"https:\/\/fouyet.fr\/index.php\/wp-json\/wp\/v2\/users\/1"}],"replies":[{"embeddable":true,"href":"https:\/\/fouyet.fr\/index.php\/wp-json\/wp\/v2\/comments?post=175"}],"version-history":[{"count":6,"href":"https:\/\/fouyet.fr\/index.php\/wp-json\/wp\/v2\/pages\/175\/revisions"}],"predecessor-version":[{"id":392,"href":"https:\/\/fouyet.fr\/index.php\/wp-json\/wp\/v2\/pages\/175\/revisions\/392"}],"wp:attachment":[{"href":"https:\/\/fouyet.fr\/index.php\/wp-json\/wp\/v2\/media?parent=175"}],"curies":[{"name":"wp","href":"https:\/\/api.w.org\/{rel}","templated":true}]}}